{"id":1824,"date":"2021-01-26T12:42:31","date_gmt":"2021-01-26T11:42:31","guid":{"rendered":"https:\/\/ifingerstudio.com\/wellpress\/?page_id=8"},"modified":"2026-04-13T23:20:11","modified_gmt":"2026-04-13T21:20:11","slug":"contact","status":"publish","type":"page","link":"https:\/\/lesblesdor.be\/index.php\/contact\/","title":{"rendered":"Contact"},"content":{"rendered":"\t\t<div data-elementor-type=\"wp-page\" data-elementor-id=\"1824\" class=\"elementor elementor-1824\">\n\t\t\t\t\t\t<section class=\"elementor-section elementor-top-section elementor-element elementor-element-7dbe117 elementor-section-boxed elementor-section-height-default elementor-section-height-default\" data-id=\"7dbe117\" data-element_type=\"section\">\n\t\t\t\t\t\t<div class=\"elementor-container elementor-column-gap-default\">\n\t\t\t\t\t<div class=\"elementor-column elementor-col-100 elementor-top-column elementor-element elementor-element-a4e6bd2\" data-id=\"a4e6bd2\" data-element_type=\"column\">\n\t\t\t<div class=\"elementor-widget-wrap elementor-element-populated\">\n\t\t\t\t\t\t<div class=\"elementor-element elementor-element-4de1ff2 elementor-widget elementor-widget-shortcode\" data-id=\"4de1ff2\" data-element_type=\"widget\" data-widget_type=\"shortcode.default\">\n\t\t\t\t<div class=\"elementor-widget-container\">\n\t\t\t\t\t<div class=\"elementor-shortcode\">\n<div class=\"wpcf7 no-js\" id=\"wpcf7-f33-o1\" lang=\"en-US\" dir=\"ltr\">\n<div class=\"screen-reader-response\"><p role=\"status\" aria-live=\"polite\" aria-atomic=\"true\"><\/p> <ul><\/ul><\/div>\n<form action=\"\/index.php\/wp-json\/wp\/v2\/pages\/1824#wpcf7-f33-o1\" method=\"post\" class=\"wpcf7-form init\" aria-label=\"Contact form\" novalidate=\"novalidate\" data-status=\"init\">\n<div style=\"display: none;\">\n<input type=\"hidden\" name=\"_wpcf7\" value=\"33\" \/>\n<input type=\"hidden\" name=\"_wpcf7_version\" value=\"5.9.8\" \/>\n<input type=\"hidden\" name=\"_wpcf7_locale\" value=\"en_US\" \/>\n<input type=\"hidden\" name=\"_wpcf7_unit_tag\" value=\"wpcf7-f33-o1\" \/>\n<input type=\"hidden\" name=\"_wpcf7_container_post\" value=\"0\" \/>\n<input type=\"hidden\" name=\"_wpcf7_posted_data_hash\" value=\"\" \/>\n<input type=\"hidden\" name=\"_wpcf7_recaptcha_response\" value=\"\" \/>\n<\/div>\n<div class=\"cta-form\">\n\t<div class=\"row\">\n\t\t<div class=\"col-md-6\">\n\t\t\t<div class=\"cta-form-group\">\n\t\t\t\t<p><span class=\"wpcf7-form-control-wrap\" data-name=\"your-f-name\"><input size=\"40\" maxlength=\"400\" class=\"wpcf7-form-control wpcf7-text wpcf7-validates-as-required\" aria-required=\"true\" aria-invalid=\"false\" placeholder=\"Nom\" value=\"\" type=\"text\" name=\"your-f-name\" \/><\/span>\n\t\t\t\t<\/p>\n\t\t\t<\/div>\n\t\t<\/div>\n\t\t<div class=\"col-md-6\">\n\t\t\t<div class=\"cta-form-group\">\n\t\t\t\t<p><span class=\"wpcf7-form-control-wrap\" data-name=\"your-l-name\"><input size=\"40\" maxlength=\"400\" class=\"wpcf7-form-control wpcf7-text wpcf7-validates-as-required\" aria-required=\"true\" aria-invalid=\"false\" placeholder=\"Pr\u00e9nom\" value=\"\" type=\"text\" name=\"your-l-name\" \/><\/span>\n\t\t\t\t<\/p>\n\t\t\t<\/div>\n\t\t<\/div>\n\t\t<div class=\"col-md-6\">\n\t\t\t<div class=\"cta-form-group\">\n\t\t\t\t<p><span class=\"wpcf7-form-control-wrap\" data-name=\"your-email\"><input size=\"40\" maxlength=\"400\" class=\"wpcf7-form-control wpcf7-email wpcf7-validates-as-required wpcf7-text wpcf7-validates-as-email\" aria-required=\"true\" aria-invalid=\"false\" placeholder=\"Adresse mail\" value=\"\" type=\"email\" name=\"your-email\" \/><\/span>\n\t\t\t\t<\/p>\n\t\t\t<\/div>\n\t\t<\/div>\n\t\t<div class=\"col-md-6\">\n\t\t\t<div class=\"cta-form-group\">\n\t\t\t\t<p><span class=\"wpcf7-form-control-wrap\" data-name=\"your-tel\"><input size=\"40\" maxlength=\"400\" class=\"wpcf7-form-control wpcf7-tel wpcf7-validates-as-required wpcf7-text wpcf7-validates-as-tel\" aria-required=\"true\" aria-invalid=\"false\" placeholder=\"T\u00e9l\u00e9phone\" value=\"\" type=\"tel\" name=\"your-tel\" \/><\/span>\n\t\t\t\t<\/p>\n\t\t\t<\/div>\n\t\t<\/div>\n\t\t<div class=\"col-md-6\">\n\t\t\t<div class=\"cta-form-group\">\n\t\t\t<\/div>\n\t\t<\/div>\n\t\t<div class=\"col-md-12\">\n\t\t\t<div class=\"cta-form-group\">\n\t\t\t\t<p><span class=\"wpcf7-form-control-wrap\" data-name=\"your-message\"><textarea cols=\"40\" rows=\"10\" maxlength=\"2000\" class=\"wpcf7-form-control wpcf7-textarea\" aria-invalid=\"false\" placeholder=\"Votre message\" name=\"your-message\"><\/textarea><\/span>\n\t\t\t\t<\/p>\n\t\t\t<\/div>\n\t\t<\/div>\n\t<\/div>\n\t<div class=\"cta-form-btn text-center\">\n\t\t<p><button aria-label=\"Left Align\" class=\"btn gradient-btn\">ENVOYER<\/button>\n\t\t<\/p>\n\t<\/div>\n<\/div><div class=\"wpcf7-response-output\" aria-hidden=\"true\"><\/div>\n<\/form>\n<\/div>\n<\/div>\n\t\t\t\t<\/div>\n\t\t\t\t<\/div>\n\t\t\t\t\t<\/div>\n\t\t<\/div>\n\t\t\t\t\t<\/div>\n\t\t<\/section>\n\t\t\t\t<section class=\"elementor-section elementor-top-section elementor-element elementor-element-36514f0 elementor-section-full_width elementor-section-height-default elementor-section-height-default\" data-id=\"36514f0\" data-element_type=\"section\">\n\t\t\t\t\t\t<div class=\"elementor-container elementor-column-gap-default\">\n\t\t\t\t\t<div class=\"elementor-column elementor-col-100 elementor-top-column elementor-element elementor-element-7fe04f8\" data-id=\"7fe04f8\" data-element_type=\"column\">\n\t\t\t<div class=\"elementor-widget-wrap elementor-element-populated\">\n\t\t\t\t\t\t<div class=\"elementor-element elementor-element-1aabb0a elementor-widget elementor-widget-google_maps\" data-id=\"1aabb0a\" data-element_type=\"widget\" data-widget_type=\"google_maps.default\">\n\t\t\t\t<div class=\"elementor-widget-container\">\n\t\t\t\t\t<div class=\"elementor-custom-embed\">\n\t\t\t<iframe loading=\"lazy\"\n\t\t\t\t\tsrc=\"https:\/\/maps.google.com\/maps?q=Route%20de%20Velaines%2023%2C%207543%20Mourcourt&#038;t=m&#038;z=10&#038;output=embed&#038;iwloc=near\"\n\t\t\t\t\ttitle=\"Route de Velaines 23, 7543 Mourcourt\"\n\t\t\t\t\taria-label=\"Route de Velaines 23, 7543 Mourcourt\"\n\t\t\t><\/iframe>\n\t\t<\/div>\n\t\t\t\t<\/div>\n\t\t\t\t<\/div>\n\t\t\t\t\t<\/div>\n\t\t<\/div>\n\t\t\t\t\t<\/div>\n\t\t<\/section>\n\t\t\t\t<section class=\"elementor-section elementor-top-section elementor-element elementor-element-4e4da67 elementor-section-boxed elementor-section-height-default elementor-section-height-default\" data-id=\"4e4da67\" data-element_type=\"section\">\n\t\t\t\t\t\t<div class=\"elementor-container elementor-column-gap-default\">\n\t\t\t\t\t<div class=\"elementor-column elementor-col-100 elementor-top-column elementor-element elementor-element-6cdb00b\" data-id=\"6cdb00b\" data-element_type=\"column\">\n\t\t\t<div class=\"elementor-widget-wrap elementor-element-populated\">\n\t\t\t\t\t\t<section class=\"elementor-section elementor-inner-section elementor-element elementor-element-8e90bc1 elementor-section-boxed elementor-section-height-default elementor-section-height-default\" data-id=\"8e90bc1\" data-element_type=\"section\">\n\t\t\t\t\t\t<div class=\"elementor-container elementor-column-gap-default\">\n\t\t\t\t\t<div class=\"elementor-column elementor-col-33 elementor-inner-column elementor-element elementor-element-c8cbcf1\" data-id=\"c8cbcf1\" data-element_type=\"column\">\n\t\t\t<div class=\"elementor-widget-wrap\">\n\t\t\t\t\t\t\t<\/div>\n\t\t<\/div>\n\t\t\t\t<div class=\"elementor-column elementor-col-33 elementor-inner-column elementor-element elementor-element-edbde82 animated-slow elementor-invisible\" data-id=\"edbde82\" data-element_type=\"column\" data-settings=\"{&quot;animation&quot;:&quot;fadeInUp&quot;,&quot;animation_delay&quot;:300}\">\n\t\t\t<div class=\"elementor-widget-wrap elementor-element-populated\">\n\t\t\t\t\t\t<div class=\"elementor-element elementor-element-5896495 elementor-invisible elementor-widget elementor-widget-contact-box\" data-id=\"5896495\" data-element_type=\"widget\" data-settings=\"{&quot;_animation&quot;:&quot;fadeInUp&quot;,&quot;_animation_delay&quot;:300}\" data-widget_type=\"contact-box.default\">\n\t\t\t\t<div class=\"elementor-widget-container\">\n\t\t\t\r\n      <div class=\"single-contact-box text-left\">\r\n         <div class=\"contact-box-content\">\r\n                        \t<h4 >Les bl\u00e9s d&#039;or<\/h4>\r\n         \t            \t<p >Pour les r\u00e9sidents : 24h\/24 et 7J\/7 | Le secr\u00e9tariat : De 8h30 \u00e0 16h<\/p>\r\n         <\/div>\r\n         <div class=\"contact-box-information\">\r\n         \t<ul>\r\n         \t\t<li><span><i class=\"fa fa-phone\"><\/i><\/span> <div class=\"contact-info\"><div >069\/232264<\/div><\/div> <\/li>\r\n         \t\t<li><span><i class=\"fa fa-envelope\"><\/i><\/span> <div class=\"contact-info\"><div >direction@lesblesdor.be<\/div><\/div> <\/li>\r\n         \t\t<li><span><i class=\"fa fa-map-marker-alt\"><\/i><\/span><div class=\"contact-info\"><div >Route de Velaines 23, 7543 Mourcourt<\/div><\/div> \r\n\t\t\t    <\/li>\r\n         \t<\/ul> \r\n         <\/div>\r\n      <\/div>\r\n\r\n\t\t\t<\/div>\n\t\t\t\t<\/div>\n\t\t\t\t\t<\/div>\n\t\t<\/div>\n\t\t\t\t<div class=\"elementor-column elementor-col-33 elementor-inner-column elementor-element elementor-element-8e92d73\" data-id=\"8e92d73\" data-element_type=\"column\">\n\t\t\t<div class=\"elementor-widget-wrap\">\n\t\t\t\t\t\t\t<\/div>\n\t\t<\/div>\n\t\t\t\t\t<\/div>\n\t\t<\/section>\n\t\t\t\t\t<\/div>\n\t\t<\/div>\n\t\t\t\t\t<\/div>\n\t\t<\/section>\n\t\t\t\t<\/div>\n\t\t","protected":false},"excerpt":{"rendered":"<p>Les bl\u00e9s d&rsquo;or Pour les r\u00e9sidents : 24h\/24 et 7J\/7 | Le secr\u00e9tariat : De 8h30 \u00e0 16h 069\/232264 direction@lesblesdor.be Route de Velaines 23, 7543 Mourcourt<\/p>\n","protected":false},"author":1,"featured_media":0,"parent":0,"menu_order":0,"comment_status":"closed","ping_status":"closed","template":"page-template\/blank-page-sidebar.php","meta":{"_seopress_robots_primary_cat":"","_seopress_titles_title":"","_seopress_titles_desc":"","_seopress_robots_index":"","footnotes":""},"class_list":["post-1824","page","type-page","status-publish","hentry"],"yoast_head":"<!-- This site is optimized with the Yoast SEO plugin v23.7 - https:\/\/yoast.com\/wordpress\/plugins\/seo\/ -->\n<title>Contact | Centre d&#039;accueil pour personnes en situation d&#039;handicap<\/title>\n<meta name=\"description\" content=\"Les Bl\u00e9s d\u2019Or est une asbl qui accueille des adultes en situation de handicap mental. Elle a \u00e9t\u00e9 fond\u00e9e en 1979.\" \/>\n<meta name=\"robots\" content=\"index, follow, max-snippet:-1, max-image-preview:large, max-video-preview:-1\" \/>\n<link rel=\"canonical\" href=\"http:\/\/lesblesdor.be\/index.php\/contact\/\" \/>\n<meta property=\"og:locale\" content=\"fr_FR\" \/>\n<meta property=\"og:type\" content=\"article\" \/>\n<meta property=\"og:title\" content=\"Contact | Centre d&#039;accueil pour personnes en situation d&#039;handicap\" \/>\n<meta property=\"og:description\" content=\"Les Bl\u00e9s d\u2019Or est une asbl qui accueille des adultes en situation de handicap mental. Elle a \u00e9t\u00e9 fond\u00e9e en 1979.\" \/>\n<meta property=\"og:url\" content=\"http:\/\/lesblesdor.be\/index.php\/contact\/\" \/>\n<meta property=\"og:site_name\" content=\"Les bles dor\" \/>\n<meta property=\"article:modified_time\" content=\"2026-04-13T21:20:11+00:00\" \/>\n<meta name=\"twitter:card\" content=\"summary_large_image\" \/>\n<meta name=\"twitter:label1\" content=\"Dur\u00e9e de lecture estim\u00e9e\" \/>\n\t<meta name=\"twitter:data1\" content=\"1 minute\" \/>\n<script type=\"application\/ld+json\" class=\"yoast-schema-graph\">{\"@context\":\"https:\/\/schema.org\",\"@graph\":[{\"@type\":\"WebPage\",\"@id\":\"http:\/\/lesblesdor.be\/index.php\/contact\/\",\"url\":\"http:\/\/lesblesdor.be\/index.php\/contact\/\",\"name\":\"Contact | Centre d'accueil pour personnes en situation d'handicap\",\"isPartOf\":{\"@id\":\"https:\/\/lesblesdor.be\/#website\"},\"datePublished\":\"2021-01-26T11:42:31+00:00\",\"dateModified\":\"2026-04-13T21:20:11+00:00\",\"description\":\"Les Bl\u00e9s d\u2019Or est une asbl qui accueille des adultes en situation de handicap mental. Elle a \u00e9t\u00e9 fond\u00e9e en 1979.\",\"breadcrumb\":{\"@id\":\"http:\/\/lesblesdor.be\/index.php\/contact\/#breadcrumb\"},\"inLanguage\":\"fr-FR\",\"potentialAction\":[{\"@type\":\"ReadAction\",\"target\":[\"http:\/\/lesblesdor.be\/index.php\/contact\/\"]}]},{\"@type\":\"BreadcrumbList\",\"@id\":\"http:\/\/lesblesdor.be\/index.php\/contact\/#breadcrumb\",\"itemListElement\":[{\"@type\":\"ListItem\",\"position\":1,\"name\":\"Accueil\",\"item\":\"http:\/\/lesblesdor.be\/\"},{\"@type\":\"ListItem\",\"position\":2,\"name\":\"Contact\"}]},{\"@type\":\"WebSite\",\"@id\":\"https:\/\/lesblesdor.be\/#website\",\"url\":\"https:\/\/lesblesdor.be\/\",\"name\":\"Les bles d'or\",\"description\":\"\",\"publisher\":{\"@id\":\"https:\/\/lesblesdor.be\/#organization\"},\"potentialAction\":[{\"@type\":\"SearchAction\",\"target\":{\"@type\":\"EntryPoint\",\"urlTemplate\":\"https:\/\/lesblesdor.be\/?s={search_term_string}\"},\"query-input\":{\"@type\":\"PropertyValueSpecification\",\"valueRequired\":true,\"valueName\":\"search_term_string\"}}],\"inLanguage\":\"fr-FR\"},{\"@type\":\"Organization\",\"@id\":\"https:\/\/lesblesdor.be\/#organization\",\"name\":\"Les bles d'or\",\"url\":\"https:\/\/lesblesdor.be\/\",\"logo\":{\"@type\":\"ImageObject\",\"inLanguage\":\"fr-FR\",\"@id\":\"https:\/\/lesblesdor.be\/#\/schema\/logo\/image\/\",\"url\":\"https:\/\/lesblesdor.be\/wp-content\/uploads\/2023\/02\/cropped-ble-dor-1.png\",\"contentUrl\":\"https:\/\/lesblesdor.be\/wp-content\/uploads\/2023\/02\/cropped-ble-dor-1.png\",\"width\":245,\"height\":122,\"caption\":\"Les bles d'or\"},\"image\":{\"@id\":\"https:\/\/lesblesdor.be\/#\/schema\/logo\/image\/\"}}]}<\/script>\n<!-- \/ Yoast SEO plugin. -->","yoast_head_json":{"title":"Contact | Centre d'accueil pour personnes en situation d'handicap","description":"Les Bl\u00e9s d\u2019Or est une asbl qui accueille des adultes en situation de handicap mental. Elle a \u00e9t\u00e9 fond\u00e9e en 1979.","robots":{"index":"index","follow":"follow","max-snippet":"max-snippet:-1","max-image-preview":"max-image-preview:large","max-video-preview":"max-video-preview:-1"},"canonical":"http:\/\/lesblesdor.be\/index.php\/contact\/","og_locale":"fr_FR","og_type":"article","og_title":"Contact | Centre d'accueil pour personnes en situation d'handicap","og_description":"Les Bl\u00e9s d\u2019Or est une asbl qui accueille des adultes en situation de handicap mental. Elle a \u00e9t\u00e9 fond\u00e9e en 1979.","og_url":"http:\/\/lesblesdor.be\/index.php\/contact\/","og_site_name":"Les bles dor","article_modified_time":"2026-04-13T21:20:11+00:00","twitter_card":"summary_large_image","twitter_misc":{"Dur\u00e9e de lecture estim\u00e9e":"1 minute"},"schema":{"@context":"https:\/\/schema.org","@graph":[{"@type":"WebPage","@id":"http:\/\/lesblesdor.be\/index.php\/contact\/","url":"http:\/\/lesblesdor.be\/index.php\/contact\/","name":"Contact | Centre d'accueil pour personnes en situation d'handicap","isPartOf":{"@id":"https:\/\/lesblesdor.be\/#website"},"datePublished":"2021-01-26T11:42:31+00:00","dateModified":"2026-04-13T21:20:11+00:00","description":"Les Bl\u00e9s d\u2019Or est une asbl qui accueille des adultes en situation de handicap mental. Elle a \u00e9t\u00e9 fond\u00e9e en 1979.","breadcrumb":{"@id":"http:\/\/lesblesdor.be\/index.php\/contact\/#breadcrumb"},"inLanguage":"fr-FR","potentialAction":[{"@type":"ReadAction","target":["http:\/\/lesblesdor.be\/index.php\/contact\/"]}]},{"@type":"BreadcrumbList","@id":"http:\/\/lesblesdor.be\/index.php\/contact\/#breadcrumb","itemListElement":[{"@type":"ListItem","position":1,"name":"Accueil","item":"http:\/\/lesblesdor.be\/"},{"@type":"ListItem","position":2,"name":"Contact"}]},{"@type":"WebSite","@id":"https:\/\/lesblesdor.be\/#website","url":"https:\/\/lesblesdor.be\/","name":"Les bles d'or","description":"","publisher":{"@id":"https:\/\/lesblesdor.be\/#organization"},"potentialAction":[{"@type":"SearchAction","target":{"@type":"EntryPoint","urlTemplate":"https:\/\/lesblesdor.be\/?s={search_term_string}"},"query-input":{"@type":"PropertyValueSpecification","valueRequired":true,"valueName":"search_term_string"}}],"inLanguage":"fr-FR"},{"@type":"Organization","@id":"https:\/\/lesblesdor.be\/#organization","name":"Les bles d'or","url":"https:\/\/lesblesdor.be\/","logo":{"@type":"ImageObject","inLanguage":"fr-FR","@id":"https:\/\/lesblesdor.be\/#\/schema\/logo\/image\/","url":"https:\/\/lesblesdor.be\/wp-content\/uploads\/2023\/02\/cropped-ble-dor-1.png","contentUrl":"https:\/\/lesblesdor.be\/wp-content\/uploads\/2023\/02\/cropped-ble-dor-1.png","width":245,"height":122,"caption":"Les bles d'or"},"image":{"@id":"https:\/\/lesblesdor.be\/#\/schema\/logo\/image\/"}}]}},"_links":{"self":[{"href":"https:\/\/lesblesdor.be\/index.php\/wp-json\/wp\/v2\/pages\/1824"}],"collection":[{"href":"https:\/\/lesblesdor.be\/index.php\/wp-json\/wp\/v2\/pages"}],"about":[{"href":"https:\/\/lesblesdor.be\/index.php\/wp-json\/wp\/v2\/types\/page"}],"author":[{"embeddable":true,"href":"https:\/\/lesblesdor.be\/index.php\/wp-json\/wp\/v2\/users\/1"}],"replies":[{"embeddable":true,"href":"https:\/\/lesblesdor.be\/index.php\/wp-json\/wp\/v2\/comments?post=1824"}],"version-history":[{"count":5,"href":"https:\/\/lesblesdor.be\/index.php\/wp-json\/wp\/v2\/pages\/1824\/revisions"}],"predecessor-version":[{"id":2174,"href":"https:\/\/lesblesdor.be\/index.php\/wp-json\/wp\/v2\/pages\/1824\/revisions\/2174"}],"wp:attachment":[{"href":"https:\/\/lesblesdor.be\/index.php\/wp-json\/wp\/v2\/media?parent=1824"}],"curies":[{"name":"wp","href":"https:\/\/api.w.org\/{rel}","templated":true}]}}