{"id":2175,"date":"2023-03-02T12:49:23","date_gmt":"2023-03-02T11:49:23","guid":{"rendered":"https:\/\/lesblesdor.be\/?page_id=2175"},"modified":"2026-04-13T23:19:54","modified_gmt":"2026-04-13T21:19:54","slug":"nos-projets","status":"publish","type":"page","link":"https:\/\/lesblesdor.be\/index.php\/nos-projets\/","title":{"rendered":"Nos projets"},"content":{"rendered":"\t\t<div data-elementor-type=\"wp-page\" data-elementor-id=\"2175\" class=\"elementor elementor-2175\">\n\t\t\t\t\t\t<section class=\"elementor-section elementor-top-section elementor-element elementor-element-5190c22 elementor-section-boxed elementor-section-height-default elementor-section-height-default\" data-id=\"5190c22\" data-element_type=\"section\">\n\t\t\t\t\t\t<div class=\"elementor-container elementor-column-gap-default\">\n\t\t\t\t\t<div class=\"elementor-column elementor-col-50 elementor-top-column elementor-element elementor-element-896c6c8\" data-id=\"896c6c8\" data-element_type=\"column\">\n\t\t\t<div class=\"elementor-widget-wrap elementor-element-populated\">\n\t\t\t\t\t\t<div class=\"elementor-element elementor-element-db5e222 elementor-widget elementor-widget-image\" data-id=\"db5e222\" data-element_type=\"widget\" data-widget_type=\"image.default\">\n\t\t\t\t<div class=\"elementor-widget-container\">\n\t\t\t\t\t\t\t\t\t\t\t\t\t<img fetchpriority=\"high\" decoding=\"async\" width=\"1024\" height=\"683\" src=\"https:\/\/lesblesdor.be\/wp-content\/uploads\/2025\/10\/2024-06-EDGAR-Architecture-Les-Bles-d_Or-035-1024x683.jpg\" class=\"attachment-large size-large wp-image-49687\" alt=\"\" srcset=\"https:\/\/lesblesdor.be\/wp-content\/uploads\/2025\/10\/2024-06-EDGAR-Architecture-Les-Bles-d_Or-035-1024x683.jpg 1024w, https:\/\/lesblesdor.be\/wp-content\/uploads\/2025\/10\/2024-06-EDGAR-Architecture-Les-Bles-d_Or-035-300x200.jpg 300w, https:\/\/lesblesdor.be\/wp-content\/uploads\/2025\/10\/2024-06-EDGAR-Architecture-Les-Bles-d_Or-035-768x512.jpg 768w, https:\/\/lesblesdor.be\/wp-content\/uploads\/2025\/10\/2024-06-EDGAR-Architecture-Les-Bles-d_Or-035-1536x1024.jpg 1536w, https:\/\/lesblesdor.be\/wp-content\/uploads\/2025\/10\/2024-06-EDGAR-Architecture-Les-Bles-d_Or-035-80x53.jpg 80w, https:\/\/lesblesdor.be\/wp-content\/uploads\/2025\/10\/2024-06-EDGAR-Architecture-Les-Bles-d_Or-035.jpg 1600w\" sizes=\"(max-width: 1024px) 100vw, 1024px\" \/>\t\t\t\t\t\t\t\t\t\t\t\t\t<\/div>\n\t\t\t\t<\/div>\n\t\t\t\t\t<\/div>\n\t\t<\/div>\n\t\t\t\t<div class=\"elementor-column elementor-col-50 elementor-top-column elementor-element elementor-element-9cf77b1\" data-id=\"9cf77b1\" data-element_type=\"column\">\n\t\t\t<div class=\"elementor-widget-wrap elementor-element-populated\">\n\t\t\t\t\t\t<section class=\"elementor-section elementor-inner-section elementor-element elementor-element-49ec708 elementor-section-boxed elementor-section-height-default elementor-section-height-default\" data-id=\"49ec708\" data-element_type=\"section\">\n\t\t\t\t\t\t<div class=\"elementor-container elementor-column-gap-default\">\n\t\t\t\t\t<div class=\"elementor-column elementor-col-100 elementor-inner-column elementor-element elementor-element-79e1202\" data-id=\"79e1202\" data-element_type=\"column\">\n\t\t\t<div class=\"elementor-widget-wrap elementor-element-populated\">\n\t\t\t\t\t\t<div class=\"elementor-element elementor-element-21d25b5 elementor-widget elementor-widget-section-head-two\" data-id=\"21d25b5\" data-element_type=\"widget\" data-widget_type=\"section-head-two.default\">\n\t\t\t\t<div class=\"elementor-widget-container\">\n\t\t\t\t\t<div class=\"section-title-three text-left\">\r\n            \t            <h6 > Les bl\u00e9s d'or <\/h6>\r\n                        \r\n            \t\t\t\t<div class=\"default-line\">Pour tout versement de minimum 40 \u20ac une attestation vous sera adress\u00e9e qui permettra d\u2019obtenir une d\u00e9duction fiscale.<\/div>\r\n\t\t\t      <\/div>\r\n\t\t\t<\/div>\n\t\t\t\t<\/div>\n\t\t\t\t\t<\/div>\n\t\t<\/div>\n\t\t\t\t\t<\/div>\n\t\t<\/section>\n\t\t\t\t\t<\/div>\n\t\t<\/div>\n\t\t\t\t\t<\/div>\n\t\t<\/section>\n\t\t\t\t<section class=\"elementor-section elementor-top-section elementor-element elementor-element-63dcbb9 elementor-section-boxed elementor-section-height-default elementor-section-height-default\" data-id=\"63dcbb9\" data-element_type=\"section\" data-settings=\"{&quot;background_background&quot;:&quot;classic&quot;}\">\n\t\t\t\t\t\t\t<div class=\"elementor-background-overlay\"><\/div>\n\t\t\t\t\t\t\t<div class=\"elementor-container elementor-column-gap-default\">\n\t\t\t\t\t<div class=\"elementor-column elementor-col-100 elementor-top-column elementor-element elementor-element-e26b24a\" data-id=\"e26b24a\" data-element_type=\"column\">\n\t\t\t<div class=\"elementor-widget-wrap elementor-element-populated\">\n\t\t\t\t\t\t<section class=\"elementor-section elementor-inner-section elementor-element elementor-element-a7f33a4 elementor-section-boxed elementor-section-height-default elementor-section-height-default\" data-id=\"a7f33a4\" data-element_type=\"section\">\n\t\t\t\t\t\t<div class=\"elementor-container elementor-column-gap-default\">\n\t\t\t\t\t<div class=\"elementor-column elementor-col-33 elementor-inner-column elementor-element elementor-element-56d3282\" data-id=\"56d3282\" data-element_type=\"column\">\n\t\t\t<div class=\"elementor-widget-wrap\">\n\t\t\t\t\t\t\t<\/div>\n\t\t<\/div>\n\t\t\t\t<div class=\"elementor-column elementor-col-33 elementor-inner-column elementor-element elementor-element-2c0005b\" data-id=\"2c0005b\" data-element_type=\"column\">\n\t\t\t<div class=\"elementor-widget-wrap elementor-element-populated\">\n\t\t\t\t\t\t<div class=\"elementor-element elementor-element-2db954a elementor-widget elementor-widget-section-head-two\" data-id=\"2db954a\" data-element_type=\"widget\" data-widget_type=\"section-head-two.default\">\n\t\t\t\t<div class=\"elementor-widget-container\">\n\t\t\t\t\t<div class=\"section-title-three text-center\">\r\n                        \r\n            \t\t\t\t<div class=\"default-line\"><\/div>\r\n\t\t\t      <\/div>\r\n\t\t\t<\/div>\n\t\t\t\t<\/div>\n\t\t\t\t\t<\/div>\n\t\t<\/div>\n\t\t\t\t<div class=\"elementor-column elementor-col-33 elementor-inner-column elementor-element elementor-element-420b608\" data-id=\"420b608\" data-element_type=\"column\">\n\t\t\t<div class=\"elementor-widget-wrap\">\n\t\t\t\t\t\t\t<\/div>\n\t\t<\/div>\n\t\t\t\t\t<\/div>\n\t\t<\/section>\n\t\t\t\t<section class=\"elementor-section elementor-inner-section elementor-element elementor-element-029ce65 elementor-section-boxed elementor-section-height-default elementor-section-height-default\" data-id=\"029ce65\" data-element_type=\"section\" data-settings=\"{&quot;background_background&quot;:&quot;classic&quot;}\">\n\t\t\t\t\t\t<div class=\"elementor-container elementor-column-gap-default\">\n\t\t\t\t\t<div class=\"elementor-column elementor-col-33 elementor-inner-column elementor-element elementor-element-0776ba8\" data-id=\"0776ba8\" data-element_type=\"column\">\n\t\t\t<div class=\"elementor-widget-wrap\">\n\t\t\t\t\t\t\t<\/div>\n\t\t<\/div>\n\t\t\t\t<div class=\"elementor-column elementor-col-33 elementor-inner-column elementor-element elementor-element-7a1640b\" data-id=\"7a1640b\" data-element_type=\"column\">\n\t\t\t<div class=\"elementor-widget-wrap elementor-element-populated\">\n\t\t\t\t\t\t<div class=\"elementor-element elementor-element-19103c8 elementor-widget elementor-widget-working-steps\" data-id=\"19103c8\" data-element_type=\"widget\" data-widget_type=\"working-steps.default\">\n\t\t\t\t<div class=\"elementor-widget-container\">\n\t\t\t\r\n\t        <div class=\"about-cat-item\">\r\n            <div class=\"about-cat-icon\">\r\n\t           \t\t\t\t\t<i class=\"fal fa-caret-circle-right\"><\/i>\r\n\t         \t            <\/div>\r\n            <div class=\"about-cat-content\">\r\n                <h5 >  BE84 7320 4908 2859  <\/h5>\r\n            <\/div>\r\n        <\/div>\r\n\t\r\n\t\t\t<\/div>\n\t\t\t\t<\/div>\n\t\t\t\t\t<\/div>\n\t\t<\/div>\n\t\t\t\t<div class=\"elementor-column elementor-col-33 elementor-inner-column elementor-element elementor-element-477946a\" data-id=\"477946a\" data-element_type=\"column\">\n\t\t\t<div class=\"elementor-widget-wrap\">\n\t\t\t\t\t\t\t<\/div>\n\t\t<\/div>\n\t\t\t\t\t<\/div>\n\t\t<\/section>\n\t\t\t\t\t<\/div>\n\t\t<\/div>\n\t\t\t\t\t<\/div>\n\t\t<\/section>\n\t\t\t\t<section class=\"elementor-section elementor-top-section elementor-element elementor-element-e597a3d elementor-section-boxed elementor-section-height-default elementor-section-height-default\" data-id=\"e597a3d\" data-element_type=\"section\">\n\t\t\t\t\t\t<div class=\"elementor-container elementor-column-gap-default\">\n\t\t\t\t\t<div class=\"elementor-column elementor-col-50 elementor-top-column elementor-element elementor-element-3a0c875\" data-id=\"3a0c875\" data-element_type=\"column\">\n\t\t\t<div class=\"elementor-widget-wrap elementor-element-populated\">\n\t\t\t\t\t\t<div class=\"elementor-element elementor-element-0a2961a elementor-widget elementor-widget-section-head-two\" data-id=\"0a2961a\" data-element_type=\"widget\" data-widget_type=\"section-head-two.default\">\n\t\t\t\t<div class=\"elementor-widget-container\">\n\t\t\t\t\t<div class=\"section-title-three text-left\">\r\n            \t            <h6 > Les Bl\u00e9s d'Or  <\/h6>\r\n                        \t            <h2 > Mais aussi... <\/h2>\r\n            \r\n            \t\t\t\t<p class=\"line\">Nous disposons de 3 maisons unifamiliales permettant une petite autonomie. <\/p>\r\n                  <\/div>\r\n\t\t\t<\/div>\n\t\t\t\t<\/div>\n\t\t\t\t<div class=\"elementor-element elementor-element-404a163 elementor-widget elementor-widget-text-editor\" data-id=\"404a163\" data-element_type=\"widget\" data-widget_type=\"text-editor.default\">\n\t\t\t\t<div class=\"elementor-widget-container\">\n\t\t\t\t\t\t\t<p>Notre Service de Logements Supervis\u00e9s est quant \u00e0 lui constitu\u00e9 de 4 maisons avec jardin. Afin d&rsquo;offrir le confort \u00e0 l&rsquo;ensemble de nos b\u00e9n\u00e9ficiaires, les r\u00e9novations, travaux et am\u00e9nagements sont constants.<\/p><p>Soyez remerci\u00e9s pour l\u2019aide, quelque soit son importance, que vous apporterez \u00e0 la r\u00e9alisation de nos projets.<\/p>\t\t\t\t\t\t<\/div>\n\t\t\t\t<\/div>\n\t\t\t\t\t<\/div>\n\t\t<\/div>\n\t\t\t\t<div class=\"elementor-column elementor-col-50 elementor-top-column elementor-element elementor-element-30e32d4\" data-id=\"30e32d4\" data-element_type=\"column\">\n\t\t\t<div class=\"elementor-widget-wrap elementor-element-populated\">\n\t\t\t\t\t\t<div class=\"elementor-element elementor-element-7505e7b elementor-widget elementor-widget-image\" data-id=\"7505e7b\" data-element_type=\"widget\" data-widget_type=\"image.default\">\n\t\t\t\t<div class=\"elementor-widget-container\">\n\t\t\t\t\t\t\t\t\t\t\t\t\t<img decoding=\"async\" width=\"768\" height=\"1024\" src=\"https:\/\/lesblesdor.be\/wp-content\/uploads\/2025\/10\/1761659271410-1-768x1024.jpg\" class=\"attachment-large size-large wp-image-49678\" alt=\"\" srcset=\"https:\/\/lesblesdor.be\/wp-content\/uploads\/2025\/10\/1761659271410-1-768x1024.jpg 768w, https:\/\/lesblesdor.be\/wp-content\/uploads\/2025\/10\/1761659271410-1-225x300.jpg 225w, https:\/\/lesblesdor.be\/wp-content\/uploads\/2025\/10\/1761659271410-1-1152x1536.jpg 1152w, https:\/\/lesblesdor.be\/wp-content\/uploads\/2025\/10\/1761659271410-1-1536x2048.jpg 1536w, https:\/\/lesblesdor.be\/wp-content\/uploads\/2025\/10\/1761659271410-1-60x80.jpg 60w, https:\/\/lesblesdor.be\/wp-content\/uploads\/2025\/10\/1761659271410-1-scaled.jpg 1920w\" sizes=\"(max-width: 768px) 100vw, 768px\" \/>\t\t\t\t\t\t\t\t\t\t\t\t\t<\/div>\n\t\t\t\t<\/div>\n\t\t\t\t\t<\/div>\n\t\t<\/div>\n\t\t\t\t\t<\/div>\n\t\t<\/section>\n\t\t\t\t<section class=\"elementor-section elementor-top-section elementor-element elementor-element-15bd5d8 elementor-section-full_width elementor-section-height-default elementor-section-height-default\" data-id=\"15bd5d8\" data-element_type=\"section\">\n\t\t\t\t\t\t<div class=\"elementor-container elementor-column-gap-default\">\n\t\t\t\t\t<div class=\"elementor-column elementor-col-100 elementor-top-column elementor-element elementor-element-b45887e\" data-id=\"b45887e\" data-element_type=\"column\">\n\t\t\t<div class=\"elementor-widget-wrap elementor-element-populated\">\n\t\t\t\t\t\t<div class=\"elementor-element elementor-element-37fb5a3 elementor-widget elementor-widget-wellpress-gallery-slider\" data-id=\"37fb5a3\" data-element_type=\"widget\" data-widget_type=\"wellpress-gallery-slider.default\">\n\t\t\t\t<div class=\"elementor-widget-container\">\n\t\t\t\n\n\t<script type=\"text\/javascript\">\n\t    jQuery(document).ready(function(){\n\t\t\tjQuery('.gallery-slider-69e11bb59ad2a').slick({\n\t\t\t\tdots: false,\n\t\t\t\tinfinite: true,\n\t\t\t\tspeed: 1998,\n\t\t\t\tautoplaySpeed: 2999,\n\t\t\t\tautoplay: true,\n\t\t\t\tarrows: false,\n\t\t\t\tslidesToShow: 3,\n\t\t\t\tslidesToScroll: 1,\n\t\t\t\tresponsive: [\n\t\t\t\t\t{\n\t\t\t\t\t\tbreakpoint: 1200,\n\t\t\t\t\t\tsettings: {\n\t\t\t\t\t\t\tslidesToShow: 3,\n\t\t\t\t\t\t\tslidesToScroll: 1,\n\t\t\t\t\t\t\tinfinite: true,\n\t\t\t\t\t\t}\n\t\t\t\t\t},\n\t\t\t\t\t{\n\t\t\t\t\t\tbreakpoint: 992,\n\t\t\t\t\t\tsettings: {\n\t\t\t\t\t\t\tslidesToShow: 2,\n\t\t\t\t\t\t\tslidesToScroll: 1\n\t\t\t\t\t\t}\n\t\t\t\t\t},\n\t\t\t\t\t{\n\t\t\t\t\t\tbreakpoint: 767,\n\t\t\t\t\t\tsettings: {\n\t\t\t\t\t\t\tslidesToShow: 2,\n\t\t\t\t\t\t\tslidesToScroll: 1,\n\t\t\t\t\t\t\tarrows: false,\n\t\t\t\t\t\t}\n\t\t\t\t\t},\n\t\t\t\t\t{\n\t\t\t\t\t\tbreakpoint: 575,\n\t\t\t\t\t\tsettings: {\n\t\t\t\t\t\t\tslidesToShow: 1,\n\t\t\t\t\t\t\tslidesToScroll: 1,\n\t\t\t\t\t\t\tarrows: false,\n\t\t\t\t\t\t}\n\t\t\t\t\t},\n\t\t\t\t]\n\t\t\t});\n\t    });\n\t<\/script>\n\n\t\t\t\t\t<div class=\"row galleryslide no-gutters gallery-slider-69e11bb59ad2a\">\n\t\t\t   \t                    <div class=\"col-lg-4\">\n                        <div class=\"gallery-slide-item\">\n                            <a class=\"popup-images\" href=\"http:\/\/lesblesdor.be\/wp-content\/uploads\/2023\/03\/bledor.jpg\">\n                                <div class=\"icon\"><i class=\"fal fa-plus\"><\/i><\/div>\n                                <img decoding=\"async\" src=\"http:\/\/lesblesdor.be\/wp-content\/uploads\/2023\/03\/bledor.jpg\" alt=\"Gallery Image\">\n                            <\/a>\n                        <\/div>\n                    <\/div>\n\t\t\t                        <div class=\"col-lg-4\">\n                        <div class=\"gallery-slide-item\">\n                            <a class=\"popup-images\" href=\"http:\/\/lesblesdor.be\/wp-content\/uploads\/2023\/03\/bledor2.jpg\">\n                                <div class=\"icon\"><i class=\"fal fa-plus\"><\/i><\/div>\n                                <img decoding=\"async\" src=\"http:\/\/lesblesdor.be\/wp-content\/uploads\/2023\/03\/bledor2.jpg\" alt=\"Gallery Image\">\n                            <\/a>\n                        <\/div>\n                    <\/div>\n\t\t\t                        <div class=\"col-lg-4\">\n                        <div class=\"gallery-slide-item\">\n                            <a class=\"popup-images\" href=\"http:\/\/lesblesdor.be\/wp-content\/uploads\/2023\/03\/bledor3.jpg\">\n                                <div class=\"icon\"><i class=\"fal fa-plus\"><\/i><\/div>\n                                <img decoding=\"async\" src=\"http:\/\/lesblesdor.be\/wp-content\/uploads\/2023\/03\/bledor3.jpg\" alt=\"Gallery Image\">\n                            <\/a>\n                        <\/div>\n                    <\/div>\n\t\t\t    \t\t\t<\/div>\n\t\t\t\t\t<\/div>\n\t\t\t\t<\/div>\n\t\t\t\t\t<\/div>\n\t\t<\/div>\n\t\t\t\t\t<\/div>\n\t\t<\/section>\n\t\t\t\t<\/div>\n\t\t","protected":false},"excerpt":{"rendered":"<p>Les bl\u00e9s d&rsquo;or Pour tout versement de minimum 40 \u20ac une attestation vous sera adress\u00e9e qui permettra d\u2019obtenir une d\u00e9duction fiscale. BE84 7320 4908 2859 Les Bl\u00e9s d&rsquo;Or Mais aussi&#8230; Nous disposons de 3 maisons unifamiliales permettant une petite autonomie. Notre Service de Logements Supervis\u00e9s est quant \u00e0 lui constitu\u00e9 de 4 maisons avec jardin. [&hellip;]<\/p>\n","protected":false},"author":3,"featured_media":0,"parent":0,"menu_order":0,"comment_status":"closed","ping_status":"closed","template":"page-template\/blank-page-sidebar.php","meta":{"_seopress_robots_primary_cat":"","_seopress_titles_title":"","_seopress_titles_desc":"","_seopress_robots_index":"","footnotes":""},"class_list":["post-2175","page","type-page","status-publish","hentry"],"yoast_head":"<!-- This site is optimized with the Yoast SEO plugin v23.7 - https:\/\/yoast.com\/wordpress\/plugins\/seo\/ -->\n<title>Nos projets | Centre d&#039;accueil pour personnes en situation d&#039;handicap<\/title>\n<meta name=\"description\" content=\"Une prise en charge du surplus par notre asbl, et l\u2019aide priv\u00e9e que nous sollicitons sont n\u00e9cessaires pour le finaliser.\" \/>\n<meta name=\"robots\" content=\"index, follow, max-snippet:-1, max-image-preview:large, max-video-preview:-1\" \/>\n<link rel=\"canonical\" href=\"http:\/\/lesblesdor.be\/index.php\/nos-projets\/\" \/>\n<meta property=\"og:locale\" content=\"fr_FR\" \/>\n<meta property=\"og:type\" content=\"article\" \/>\n<meta property=\"og:title\" content=\"Nos projets | Centre d&#039;accueil pour personnes en situation d&#039;handicap\" \/>\n<meta property=\"og:description\" content=\"Une prise en charge du surplus par notre asbl, et l\u2019aide priv\u00e9e que nous sollicitons sont n\u00e9cessaires pour le finaliser.\" \/>\n<meta property=\"og:url\" content=\"http:\/\/lesblesdor.be\/index.php\/nos-projets\/\" \/>\n<meta property=\"og:site_name\" content=\"Les bles dor\" \/>\n<meta property=\"article:modified_time\" content=\"2026-04-13T21:19:54+00:00\" \/>\n<meta property=\"og:image\" content=\"https:\/\/lesblesdor.be\/wp-content\/uploads\/2025\/10\/2024-06-EDGAR-Architecture-Les-Bles-d_Or-035.jpg\" \/>\n\t<meta property=\"og:image:width\" content=\"1600\" \/>\n\t<meta property=\"og:image:height\" content=\"1067\" \/>\n\t<meta property=\"og:image:type\" content=\"image\/jpeg\" \/>\n<meta name=\"twitter:card\" content=\"summary_large_image\" \/>\n<meta name=\"twitter:label1\" content=\"Dur\u00e9e de lecture estim\u00e9e\" \/>\n\t<meta name=\"twitter:data1\" content=\"3 minutes\" \/>\n<script type=\"application\/ld+json\" class=\"yoast-schema-graph\">{\"@context\":\"https:\/\/schema.org\",\"@graph\":[{\"@type\":\"WebPage\",\"@id\":\"http:\/\/lesblesdor.be\/index.php\/nos-projets\/\",\"url\":\"http:\/\/lesblesdor.be\/index.php\/nos-projets\/\",\"name\":\"Nos projets | Centre d'accueil pour personnes en situation d'handicap\",\"isPartOf\":{\"@id\":\"https:\/\/lesblesdor.be\/#website\"},\"primaryImageOfPage\":{\"@id\":\"http:\/\/lesblesdor.be\/index.php\/nos-projets\/#primaryimage\"},\"image\":{\"@id\":\"http:\/\/lesblesdor.be\/index.php\/nos-projets\/#primaryimage\"},\"thumbnailUrl\":\"http:\/\/lesblesdor.be\/wp-content\/uploads\/2025\/10\/2024-06-EDGAR-Architecture-Les-Bles-d_Or-035-1024x683.jpg\",\"datePublished\":\"2023-03-02T11:49:23+00:00\",\"dateModified\":\"2026-04-13T21:19:54+00:00\",\"description\":\"Une prise en charge du surplus par notre asbl, et l\u2019aide priv\u00e9e que nous sollicitons sont n\u00e9cessaires pour le finaliser.\",\"breadcrumb\":{\"@id\":\"http:\/\/lesblesdor.be\/index.php\/nos-projets\/#breadcrumb\"},\"inLanguage\":\"fr-FR\",\"potentialAction\":[{\"@type\":\"ReadAction\",\"target\":[\"http:\/\/lesblesdor.be\/index.php\/nos-projets\/\"]}]},{\"@type\":\"ImageObject\",\"inLanguage\":\"fr-FR\",\"@id\":\"http:\/\/lesblesdor.be\/index.php\/nos-projets\/#primaryimage\",\"url\":\"https:\/\/lesblesdor.be\/wp-content\/uploads\/2025\/10\/2024-06-EDGAR-Architecture-Les-Bles-d_Or-035.jpg\",\"contentUrl\":\"https:\/\/lesblesdor.be\/wp-content\/uploads\/2025\/10\/2024-06-EDGAR-Architecture-Les-Bles-d_Or-035.jpg\",\"width\":1600,\"height\":1067},{\"@type\":\"BreadcrumbList\",\"@id\":\"http:\/\/lesblesdor.be\/index.php\/nos-projets\/#breadcrumb\",\"itemListElement\":[{\"@type\":\"ListItem\",\"position\":1,\"name\":\"Accueil\",\"item\":\"http:\/\/lesblesdor.be\/\"},{\"@type\":\"ListItem\",\"position\":2,\"name\":\"Nos projets\"}]},{\"@type\":\"WebSite\",\"@id\":\"https:\/\/lesblesdor.be\/#website\",\"url\":\"https:\/\/lesblesdor.be\/\",\"name\":\"Les bles d'or\",\"description\":\"\",\"publisher\":{\"@id\":\"https:\/\/lesblesdor.be\/#organization\"},\"potentialAction\":[{\"@type\":\"SearchAction\",\"target\":{\"@type\":\"EntryPoint\",\"urlTemplate\":\"https:\/\/lesblesdor.be\/?s={search_term_string}\"},\"query-input\":{\"@type\":\"PropertyValueSpecification\",\"valueRequired\":true,\"valueName\":\"search_term_string\"}}],\"inLanguage\":\"fr-FR\"},{\"@type\":\"Organization\",\"@id\":\"https:\/\/lesblesdor.be\/#organization\",\"name\":\"Les bles d'or\",\"url\":\"https:\/\/lesblesdor.be\/\",\"logo\":{\"@type\":\"ImageObject\",\"inLanguage\":\"fr-FR\",\"@id\":\"https:\/\/lesblesdor.be\/#\/schema\/logo\/image\/\",\"url\":\"https:\/\/lesblesdor.be\/wp-content\/uploads\/2023\/02\/cropped-ble-dor-1.png\",\"contentUrl\":\"https:\/\/lesblesdor.be\/wp-content\/uploads\/2023\/02\/cropped-ble-dor-1.png\",\"width\":245,\"height\":122,\"caption\":\"Les bles d'or\"},\"image\":{\"@id\":\"https:\/\/lesblesdor.be\/#\/schema\/logo\/image\/\"}}]}<\/script>\n<!-- \/ Yoast SEO plugin. -->","yoast_head_json":{"title":"Nos projets | Centre d'accueil pour personnes en situation d'handicap","description":"Une prise en charge du surplus par notre asbl, et l\u2019aide priv\u00e9e que nous sollicitons sont n\u00e9cessaires pour le finaliser.","robots":{"index":"index","follow":"follow","max-snippet":"max-snippet:-1","max-image-preview":"max-image-preview:large","max-video-preview":"max-video-preview:-1"},"canonical":"http:\/\/lesblesdor.be\/index.php\/nos-projets\/","og_locale":"fr_FR","og_type":"article","og_title":"Nos projets | Centre d'accueil pour personnes en situation d'handicap","og_description":"Une prise en charge du surplus par notre asbl, et l\u2019aide priv\u00e9e que nous sollicitons sont n\u00e9cessaires pour le finaliser.","og_url":"http:\/\/lesblesdor.be\/index.php\/nos-projets\/","og_site_name":"Les bles dor","article_modified_time":"2026-04-13T21:19:54+00:00","og_image":[{"width":1600,"height":1067,"url":"https:\/\/lesblesdor.be\/wp-content\/uploads\/2025\/10\/2024-06-EDGAR-Architecture-Les-Bles-d_Or-035.jpg","type":"image\/jpeg"}],"twitter_card":"summary_large_image","twitter_misc":{"Dur\u00e9e de lecture estim\u00e9e":"3 minutes"},"schema":{"@context":"https:\/\/schema.org","@graph":[{"@type":"WebPage","@id":"http:\/\/lesblesdor.be\/index.php\/nos-projets\/","url":"http:\/\/lesblesdor.be\/index.php\/nos-projets\/","name":"Nos projets | Centre d'accueil pour personnes en situation d'handicap","isPartOf":{"@id":"https:\/\/lesblesdor.be\/#website"},"primaryImageOfPage":{"@id":"http:\/\/lesblesdor.be\/index.php\/nos-projets\/#primaryimage"},"image":{"@id":"http:\/\/lesblesdor.be\/index.php\/nos-projets\/#primaryimage"},"thumbnailUrl":"http:\/\/lesblesdor.be\/wp-content\/uploads\/2025\/10\/2024-06-EDGAR-Architecture-Les-Bles-d_Or-035-1024x683.jpg","datePublished":"2023-03-02T11:49:23+00:00","dateModified":"2026-04-13T21:19:54+00:00","description":"Une prise en charge du surplus par notre asbl, et l\u2019aide priv\u00e9e que nous sollicitons sont n\u00e9cessaires pour le finaliser.","breadcrumb":{"@id":"http:\/\/lesblesdor.be\/index.php\/nos-projets\/#breadcrumb"},"inLanguage":"fr-FR","potentialAction":[{"@type":"ReadAction","target":["http:\/\/lesblesdor.be\/index.php\/nos-projets\/"]}]},{"@type":"ImageObject","inLanguage":"fr-FR","@id":"http:\/\/lesblesdor.be\/index.php\/nos-projets\/#primaryimage","url":"https:\/\/lesblesdor.be\/wp-content\/uploads\/2025\/10\/2024-06-EDGAR-Architecture-Les-Bles-d_Or-035.jpg","contentUrl":"https:\/\/lesblesdor.be\/wp-content\/uploads\/2025\/10\/2024-06-EDGAR-Architecture-Les-Bles-d_Or-035.jpg","width":1600,"height":1067},{"@type":"BreadcrumbList","@id":"http:\/\/lesblesdor.be\/index.php\/nos-projets\/#breadcrumb","itemListElement":[{"@type":"ListItem","position":1,"name":"Accueil","item":"http:\/\/lesblesdor.be\/"},{"@type":"ListItem","position":2,"name":"Nos projets"}]},{"@type":"WebSite","@id":"https:\/\/lesblesdor.be\/#website","url":"https:\/\/lesblesdor.be\/","name":"Les bles d'or","description":"","publisher":{"@id":"https:\/\/lesblesdor.be\/#organization"},"potentialAction":[{"@type":"SearchAction","target":{"@type":"EntryPoint","urlTemplate":"https:\/\/lesblesdor.be\/?s={search_term_string}"},"query-input":{"@type":"PropertyValueSpecification","valueRequired":true,"valueName":"search_term_string"}}],"inLanguage":"fr-FR"},{"@type":"Organization","@id":"https:\/\/lesblesdor.be\/#organization","name":"Les bles d'or","url":"https:\/\/lesblesdor.be\/","logo":{"@type":"ImageObject","inLanguage":"fr-FR","@id":"https:\/\/lesblesdor.be\/#\/schema\/logo\/image\/","url":"https:\/\/lesblesdor.be\/wp-content\/uploads\/2023\/02\/cropped-ble-dor-1.png","contentUrl":"https:\/\/lesblesdor.be\/wp-content\/uploads\/2023\/02\/cropped-ble-dor-1.png","width":245,"height":122,"caption":"Les bles d'or"},"image":{"@id":"https:\/\/lesblesdor.be\/#\/schema\/logo\/image\/"}}]}},"_links":{"self":[{"href":"https:\/\/lesblesdor.be\/index.php\/wp-json\/wp\/v2\/pages\/2175"}],"collection":[{"href":"https:\/\/lesblesdor.be\/index.php\/wp-json\/wp\/v2\/pages"}],"about":[{"href":"https:\/\/lesblesdor.be\/index.php\/wp-json\/wp\/v2\/types\/page"}],"author":[{"embeddable":true,"href":"https:\/\/lesblesdor.be\/index.php\/wp-json\/wp\/v2\/users\/3"}],"replies":[{"embeddable":true,"href":"https:\/\/lesblesdor.be\/index.php\/wp-json\/wp\/v2\/comments?post=2175"}],"version-history":[{"count":20,"href":"https:\/\/lesblesdor.be\/index.php\/wp-json\/wp\/v2\/pages\/2175\/revisions"}],"predecessor-version":[{"id":49729,"href":"https:\/\/lesblesdor.be\/index.php\/wp-json\/wp\/v2\/pages\/2175\/revisions\/49729"}],"wp:attachment":[{"href":"https:\/\/lesblesdor.be\/index.php\/wp-json\/wp\/v2\/media?parent=2175"}],"curies":[{"name":"wp","href":"https:\/\/api.w.org\/{rel}","templated":true}]}}