{"id":3,"date":"2023-02-10T15:23:58","date_gmt":"2023-02-10T14:23:58","guid":{"rendered":"https:\/\/lesblesdor.be\/?page_id=3"},"modified":"2026-04-13T23:20:09","modified_gmt":"2026-04-13T21:20:09","slug":"politique-de-confidentialite","status":"publish","type":"page","link":"https:\/\/lesblesdor.be\/index.php\/politique-de-confidentialite\/","title":{"rendered":"Politique de confidentialit\u00e9"},"content":{"rendered":"\n<h2 class=\"wp-block-heading\">Gestion des cookies<\/h2>\n\n\n\n<p>En utilisant notre site, vous d\u00e9clarez explicitement avoir lu la politique de confidentialit\u00e9 de\u00a0Les bl\u00e9s d&rsquo;or, vous informant ainsi du traitement de vos donn\u00e9es personnelles selon les modalit\u00e9s et principes d\u00e9crits ici.<\/p>\n\n\n\n<p>Notre site utilise des cookies afin d\u2019am\u00e9liorer les fonctionnalit\u00e9s qu\u2019il propose. Les cookies sont des donn\u00e9es qui sont sauvegard\u00e9es sur votre appareil et qui permettent au site de conserver certaines informations vous concernant pour une meilleure navigation.<\/p>\n\n\n\n<p>Nous utilisons divers cookies pour des buts sp\u00e9cifiques : <\/p>\n\n\n\n<p>\u25d9\u00a0 \u00a0 \u00a0Les cookies n\u00e9cessaires :\u00a0ils sont utilis\u00e9s pour permettre \u00e0 diverses fonctionnalit\u00e9s d\u2019\u00eatre correctement utilis\u00e9es sur le site. Ces cookies ne collectent aucune donn\u00e9e personnelle ; <\/p>\n\n\n\n<p>\u25d9\u00a0 \u00a0 \u00a0 \u00a0Les cookies fonctionnels :\u00a0ils sont ceux qui permettent un meilleur confort lors de l\u2019utilisation de certaines fonctionnalit\u00e9s du site. Par exemple, ils peuvent enregistrer l\u2019adresse de l\u2019utilisateur pour remplir automatiquement le champ \u00ab\u00a0adresse\u00a0\u00bb d\u2019un formulaire et \u00e9viter \u00e0 l\u2019utilisateur de le compl\u00e9ter lui-m\u00eame. <\/p>\n\n\n\n<p>En cliquant sur le bouton \u00ab j\u2019accepte \u00bb, vous acceptez l\u2019utilisation des cookies (article 6, 1, a du RGPD). Vous pouvez \u00e0 tout moment annuler cette approbation en cliquant sur le bouton \u201cPolitique de confidentialit\u00e9\u201d situ\u00e9 dans bas du site. Dans le cas o\u00f9 vous ne souhaitez pas autoriser les cookies, il se peut que l\u2019utilisation de certaines fonctionnalit\u00e9s en soient alt\u00e9r\u00e9es.<\/p>\n\n\n\n<h2 class=\"wp-block-heading\">Traitement des donn\u00e9es personnelles<\/h2>\n\n\n\n<p>Les bl\u00e9s d&rsquo;or \u00a0op\u00e8re comme responsable du traitement en ce qui concerne les donn\u00e9es personnelles qui sont collect\u00e9es et trait\u00e9es dans le cadre de votre utilisation du site.<\/p>\n\n\n\n<p>Toutes les donn\u00e9es concernant l\u2019utilisateur collect\u00e9es au travers de cookies ou formulaires du site sont stock\u00e9es dans notre base de donn\u00e9es uniquement s\u2019il a donn\u00e9 son accord au pr\u00e9alable. Ces informations ne seront pas utilis\u00e9es dans d\u2019autres conditions que celles que l\u2019utilisateur a accept\u00e9es. L\u2019utilisateur dispose d\u2019un droit de regard sur chaque information le concernant : il peut les consulter, les modifier ou encore les supprimer quand bon lui semble et sans avoir \u00e0 fournir de raison \u00e0\u00a0Les bl\u00e9s d&rsquo;or. Pour ce faire, l\u2019utilisateur peut contacter le responsable du traitement des donn\u00e9es par email \u00e0 l\u2019adresse\u00a0direction@lesblesdor.be.<\/p>\n\n\n\n<p>Une fois la demande ins\u00e9r\u00e9e,\u00a0Les bl\u00e9s d&rsquo;or contactera dans les plus brefs d\u00e9lais l\u2019utilisateur afin de donner suite \u00e0 sa demande.<\/p>\n\n\n\n<p>Vos donn\u00e9es pourront \u00eatre utilis\u00e9es pour : <\/p>\n\n\n\n<p>\u25d9\u00a0 \u00a0 \u00a0Permettre \u00e0\u00a0 Les bl\u00e9s d&rsquo;or\u00a0de r\u00e9pondre \u00e0 vos demandes ; <\/p>\n\n\n\n<p>\u25d9\u00a0 \u00a0 \u00a0Fournir nos services \u00e0 l\u2019utilisateur ; <\/p>\n\n\n\n<p>\u25d9\u00a0 \u00a0 \u00a0Am\u00e9liorer l\u2019exp\u00e9rience de l\u2019utilisateur ; <\/p>\n\n\n\n<p>\u25d9\u00a0 \u00a0 \u00a0Analyser ces donn\u00e9es pour am\u00e9liorer le fonctionnement du site ; <\/p>\n\n\n\n<p>Vos donn\u00e9es ne seront transmises \u00e0 aucun tiers sans votre consentement.\u00a0Les bl\u00e9s d&rsquo;or\u00a0ne divulgue(ra) pas vos donn\u00e9es \u00e0 caract\u00e8re personnel \u00e0 des tiers \u00e0 des fins de marketing direct, ni ne traite vos donn\u00e9es personnelles \u00e0 des fins de prospection, y compris de profilage.<\/p>\n\n\n\n<h2 class=\"wp-block-heading\">S\u00e9curit\u00e9<\/h2>\n\n\n\n<p>Nous faisons des efforts raisonnables pour prot\u00e9ger les informations personnelles des Utilisateurs, mais aucune entreprise, y compris notre SOCI\u00c9T\u00c9, ne peut \u00e9liminer compl\u00e8tement les risques de s\u00e9curit\u00e9 li\u00e9s au traitement des informations sur Internet. Par exemple, les informations personnelles de nos Utilisateurs peuvent \u00eatre affect\u00e9es par des actes ind\u00e9pendants de notre volont\u00e9, tels que le \u00ab piratage informatique \u00bb et le vol physique. L\u2019Utilisateur reconna\u00eet qu\u2019il fournit ses informations personnelles \u00e0 ses propres risques.<\/p>\n","protected":false},"excerpt":{"rendered":"<p>Gestion des cookies En utilisant notre site, vous d\u00e9clarez explicitement avoir lu la politique de confidentialit\u00e9 de\u00a0Les bl\u00e9s d&rsquo;or, vous informant ainsi du traitement de vos donn\u00e9es personnelles selon les modalit\u00e9s et principes d\u00e9crits ici. Notre site utilise des cookies afin d\u2019am\u00e9liorer les fonctionnalit\u00e9s qu\u2019il propose. Les cookies sont des donn\u00e9es qui sont sauvegard\u00e9es sur [&hellip;]<\/p>\n","protected":false},"author":1,"featured_media":0,"parent":0,"menu_order":0,"comment_status":"closed","ping_status":"closed","template":"","meta":{"_seopress_robots_primary_cat":"","_seopress_titles_title":"","_seopress_titles_desc":"","_seopress_robots_index":"","footnotes":""},"class_list":["post-3","page","type-page","status-publish","hentry"],"yoast_head":"<!-- This site is optimized with the Yoast SEO plugin v23.7 - https:\/\/yoast.com\/wordpress\/plugins\/seo\/ -->\n<title>Politique de confidentialit\u00e9 - Les bles dor<\/title>\n<meta name=\"robots\" content=\"index, follow, max-snippet:-1, max-image-preview:large, max-video-preview:-1\" \/>\n<link rel=\"canonical\" href=\"http:\/\/lesblesdor.be\/index.php\/politique-de-confidentialite\/\" \/>\n<meta property=\"og:locale\" content=\"fr_FR\" \/>\n<meta property=\"og:type\" content=\"article\" \/>\n<meta property=\"og:title\" content=\"Politique de confidentialit\u00e9 - Les bles dor\" \/>\n<meta property=\"og:description\" content=\"Gestion des cookies En utilisant notre site, vous d\u00e9clarez explicitement avoir lu la politique de confidentialit\u00e9 de\u00a0Les bl\u00e9s d&rsquo;or, vous informant ainsi du traitement de vos donn\u00e9es personnelles selon les modalit\u00e9s et principes d\u00e9crits ici. Notre site utilise des cookies afin d\u2019am\u00e9liorer les fonctionnalit\u00e9s qu\u2019il propose. Les cookies sont des donn\u00e9es qui sont sauvegard\u00e9es sur [&hellip;]\" \/>\n<meta property=\"og:url\" content=\"http:\/\/lesblesdor.be\/index.php\/politique-de-confidentialite\/\" \/>\n<meta property=\"og:site_name\" content=\"Les bles dor\" \/>\n<meta property=\"article:modified_time\" content=\"2026-04-13T21:20:09+00:00\" \/>\n<meta name=\"twitter:card\" content=\"summary_large_image\" \/>\n<meta name=\"twitter:label1\" content=\"Dur\u00e9e de lecture estim\u00e9e\" \/>\n\t<meta name=\"twitter:data1\" content=\"3 minutes\" \/>\n<script type=\"application\/ld+json\" class=\"yoast-schema-graph\">{\"@context\":\"https:\/\/schema.org\",\"@graph\":[{\"@type\":\"WebPage\",\"@id\":\"http:\/\/lesblesdor.be\/index.php\/politique-de-confidentialite\/\",\"url\":\"http:\/\/lesblesdor.be\/index.php\/politique-de-confidentialite\/\",\"name\":\"Politique de confidentialit\u00e9 - Les bles dor\",\"isPartOf\":{\"@id\":\"https:\/\/lesblesdor.be\/#website\"},\"datePublished\":\"2023-02-10T14:23:58+00:00\",\"dateModified\":\"2026-04-13T21:20:09+00:00\",\"breadcrumb\":{\"@id\":\"http:\/\/lesblesdor.be\/index.php\/politique-de-confidentialite\/#breadcrumb\"},\"inLanguage\":\"fr-FR\",\"potentialAction\":[{\"@type\":\"ReadAction\",\"target\":[\"http:\/\/lesblesdor.be\/index.php\/politique-de-confidentialite\/\"]}]},{\"@type\":\"BreadcrumbList\",\"@id\":\"http:\/\/lesblesdor.be\/index.php\/politique-de-confidentialite\/#breadcrumb\",\"itemListElement\":[{\"@type\":\"ListItem\",\"position\":1,\"name\":\"Accueil\",\"item\":\"http:\/\/lesblesdor.be\/\"},{\"@type\":\"ListItem\",\"position\":2,\"name\":\"Politique de confidentialit\u00e9\"}]},{\"@type\":\"WebSite\",\"@id\":\"https:\/\/lesblesdor.be\/#website\",\"url\":\"https:\/\/lesblesdor.be\/\",\"name\":\"Les bles d'or\",\"description\":\"\",\"publisher\":{\"@id\":\"https:\/\/lesblesdor.be\/#organization\"},\"potentialAction\":[{\"@type\":\"SearchAction\",\"target\":{\"@type\":\"EntryPoint\",\"urlTemplate\":\"https:\/\/lesblesdor.be\/?s={search_term_string}\"},\"query-input\":{\"@type\":\"PropertyValueSpecification\",\"valueRequired\":true,\"valueName\":\"search_term_string\"}}],\"inLanguage\":\"fr-FR\"},{\"@type\":\"Organization\",\"@id\":\"https:\/\/lesblesdor.be\/#organization\",\"name\":\"Les bles d'or\",\"url\":\"https:\/\/lesblesdor.be\/\",\"logo\":{\"@type\":\"ImageObject\",\"inLanguage\":\"fr-FR\",\"@id\":\"https:\/\/lesblesdor.be\/#\/schema\/logo\/image\/\",\"url\":\"https:\/\/lesblesdor.be\/wp-content\/uploads\/2023\/02\/cropped-ble-dor-1.png\",\"contentUrl\":\"https:\/\/lesblesdor.be\/wp-content\/uploads\/2023\/02\/cropped-ble-dor-1.png\",\"width\":245,\"height\":122,\"caption\":\"Les bles d'or\"},\"image\":{\"@id\":\"https:\/\/lesblesdor.be\/#\/schema\/logo\/image\/\"}}]}<\/script>\n<!-- \/ Yoast SEO plugin. -->","yoast_head_json":{"title":"Politique de confidentialit\u00e9 - Les bles dor","robots":{"index":"index","follow":"follow","max-snippet":"max-snippet:-1","max-image-preview":"max-image-preview:large","max-video-preview":"max-video-preview:-1"},"canonical":"http:\/\/lesblesdor.be\/index.php\/politique-de-confidentialite\/","og_locale":"fr_FR","og_type":"article","og_title":"Politique de confidentialit\u00e9 - Les bles dor","og_description":"Gestion des cookies En utilisant notre site, vous d\u00e9clarez explicitement avoir lu la politique de confidentialit\u00e9 de\u00a0Les bl\u00e9s d&rsquo;or, vous informant ainsi du traitement de vos donn\u00e9es personnelles selon les modalit\u00e9s et principes d\u00e9crits ici. Notre site utilise des cookies afin d\u2019am\u00e9liorer les fonctionnalit\u00e9s qu\u2019il propose. Les cookies sont des donn\u00e9es qui sont sauvegard\u00e9es sur [&hellip;]","og_url":"http:\/\/lesblesdor.be\/index.php\/politique-de-confidentialite\/","og_site_name":"Les bles dor","article_modified_time":"2026-04-13T21:20:09+00:00","twitter_card":"summary_large_image","twitter_misc":{"Dur\u00e9e de lecture estim\u00e9e":"3 minutes"},"schema":{"@context":"https:\/\/schema.org","@graph":[{"@type":"WebPage","@id":"http:\/\/lesblesdor.be\/index.php\/politique-de-confidentialite\/","url":"http:\/\/lesblesdor.be\/index.php\/politique-de-confidentialite\/","name":"Politique de confidentialit\u00e9 - Les bles dor","isPartOf":{"@id":"https:\/\/lesblesdor.be\/#website"},"datePublished":"2023-02-10T14:23:58+00:00","dateModified":"2026-04-13T21:20:09+00:00","breadcrumb":{"@id":"http:\/\/lesblesdor.be\/index.php\/politique-de-confidentialite\/#breadcrumb"},"inLanguage":"fr-FR","potentialAction":[{"@type":"ReadAction","target":["http:\/\/lesblesdor.be\/index.php\/politique-de-confidentialite\/"]}]},{"@type":"BreadcrumbList","@id":"http:\/\/lesblesdor.be\/index.php\/politique-de-confidentialite\/#breadcrumb","itemListElement":[{"@type":"ListItem","position":1,"name":"Accueil","item":"http:\/\/lesblesdor.be\/"},{"@type":"ListItem","position":2,"name":"Politique de confidentialit\u00e9"}]},{"@type":"WebSite","@id":"https:\/\/lesblesdor.be\/#website","url":"https:\/\/lesblesdor.be\/","name":"Les bles d'or","description":"","publisher":{"@id":"https:\/\/lesblesdor.be\/#organization"},"potentialAction":[{"@type":"SearchAction","target":{"@type":"EntryPoint","urlTemplate":"https:\/\/lesblesdor.be\/?s={search_term_string}"},"query-input":{"@type":"PropertyValueSpecification","valueRequired":true,"valueName":"search_term_string"}}],"inLanguage":"fr-FR"},{"@type":"Organization","@id":"https:\/\/lesblesdor.be\/#organization","name":"Les bles d'or","url":"https:\/\/lesblesdor.be\/","logo":{"@type":"ImageObject","inLanguage":"fr-FR","@id":"https:\/\/lesblesdor.be\/#\/schema\/logo\/image\/","url":"https:\/\/lesblesdor.be\/wp-content\/uploads\/2023\/02\/cropped-ble-dor-1.png","contentUrl":"https:\/\/lesblesdor.be\/wp-content\/uploads\/2023\/02\/cropped-ble-dor-1.png","width":245,"height":122,"caption":"Les bles d'or"},"image":{"@id":"https:\/\/lesblesdor.be\/#\/schema\/logo\/image\/"}}]}},"_links":{"self":[{"href":"https:\/\/lesblesdor.be\/index.php\/wp-json\/wp\/v2\/pages\/3"}],"collection":[{"href":"https:\/\/lesblesdor.be\/index.php\/wp-json\/wp\/v2\/pages"}],"about":[{"href":"https:\/\/lesblesdor.be\/index.php\/wp-json\/wp\/v2\/types\/page"}],"author":[{"embeddable":true,"href":"https:\/\/lesblesdor.be\/index.php\/wp-json\/wp\/v2\/users\/1"}],"replies":[{"embeddable":true,"href":"https:\/\/lesblesdor.be\/index.php\/wp-json\/wp\/v2\/comments?post=3"}],"version-history":[{"count":2,"href":"https:\/\/lesblesdor.be\/index.php\/wp-json\/wp\/v2\/pages\/3\/revisions"}],"predecessor-version":[{"id":2296,"href":"https:\/\/lesblesdor.be\/index.php\/wp-json\/wp\/v2\/pages\/3\/revisions\/2296"}],"wp:attachment":[{"href":"https:\/\/lesblesdor.be\/index.php\/wp-json\/wp\/v2\/media?parent=3"}],"curies":[{"name":"wp","href":"https:\/\/api.w.org\/{rel}","templated":true}]}}